{"id":14,"date":"2025-11-24T19:12:57","date_gmt":"2025-11-24T18:12:57","guid":{"rendered":"https:\/\/dev.funkydesign.net\/johanna\/?page_id=14"},"modified":"2025-11-25T20:20:56","modified_gmt":"2025-11-25T19:20:56","slug":"start","status":"publish","type":"page","link":"https:\/\/dev.funkydesign.net\/johanna\/","title":{"rendered":"Start"},"content":{"rendered":"<section class=\"bde-section-14-113 bde-section\">\n  \n  \n\t\n\n\n\n<div class=\"section-container\"><div class=\"bde-globalblock-14-115 bde-globalblock\">\n<section class=\"bde-section-55-100-55-1 bde-section bde-section-55-100\">\n              \n  \n  \n\t    \n      <div class=\"section-background-video\">\n              <video\n          autoplay\n          muted\n                      playsinline\n                                loop\n                          >\n        <source src=\"https:\/\/dev.funkydesign.net\/johanna\/wp-content\/uploads\/2025\/11\/johanna.mp4\" type=\"video\/mp4\" \/>\n      <\/video>\n      <\/div>\n\n\n  <div class=\"section-background-overlay\"><\/div>\n\n\n<div class=\"section-container\"><div class=\"bde-div-55-109-55-1 bde-div bde-div-55-109\">\n  \n  \n\t\n\n\n\n<h1 class=\"bde-heading-55-108-55-1 bde-heading bde-heading-55-108\">\nEmbodied. <br>Empowered. <br>Divine.<br>\n<\/h1><div class=\"bde-text-55-104-55-1 bde-text bde-text-55-104\">\nEmbodiva \u00e4r en inbjudan att komma<br> hem till din kropp och v\u00e4cka din inre kraft.\n<\/div><div class=\"bde-div-55-113-55-1 bde-div bde-div-55-113\">\n  \n  \n\t\n\n\n\n<div class=\"bde-button-55-115-55-1 bde-button bde-button-55-115\">\n    \n                                    \n    \n    \n    \n    \n            \n                    \n            \n            \n\n    \n    \n    \n    \n    \n    <a class=\"breakdance-link button-atom button-atom--primary bde-button__button\" href=\"#\" target=\"_self\" data-type=\"url\"  >\n\n    \n        <span class=\"button-atom__text\">Boka din upplevelse<\/span>\n\n        \n        \n                <\/a>\n\n    \n\n\n<\/div><div class=\"bde-button-55-114-55-1 bde-button bde-button-55-114\">\n    \n                                    \n    \n    \n    \n    \n            \n                    \n            \n            \n\n    \n    \n    \n    \n    \n    <a class=\"breakdance-link button-atom button-atom--secondary bde-button__button\" href=\"#\" target=\"_self\" data-type=\"url\"  >\n\n    \n        <span class=\"button-atom__text\">Utforska kommande events<\/span>\n\n        \n        \n                <\/a>\n\n    \n\n\n<\/div>\n<\/div>\n<\/div><\/div>\n<\/section>\n<\/div><\/div>\n<\/section><section class=\"bde-section-14-116 bde-section\">\n  \n  \n\t\n\n\n\n<div class=\"section-container\"><div class=\"bde-text-14-118 bde-text\">\nEmbodiva\u00a0guidar kvinnor till n\u00e4rvaro, styrka och str\u00e5lglans genom yoga, dans, r\u00f6relse och ber\u00f6ring. H\u00e4r m\u00f6ts embodiment och din inre diva \u2013 f\u00f6r ett liv d\u00e4r du kan vara stark i kroppen, fri i sj\u00e4len och str\u00e5lande i livet.\n<\/div><\/div>\n<\/section><section class=\"bde-section-14-123 bde-section\">\n  \n  \n\t\n\n\n\n<div class=\"section-container\"><div class=\"bde-div-14-124 bde-div\">\n  \n  \n\t\n\n\n\n<h1 class=\"bde-heading-14-111 bde-heading\">\nV\u00e5ra upplevelser\n<\/h1><div class=\"bde-post-loop-14-127 bde-post-loop\">\n<div class=\"bde-loop bde-loop-grid ee-posts ee-posts-grid\">    <article class=\"bde-loop-item ee-post\">\n        <a class=\"bde-container-link-85-109-36-85-1 bde-container-link bde-container-link-85-109 breakdance-link\" href=\"https:\/\/dev.funkydesign.net\/johanna\/upplevelse\/teambuilding\/\" target=\"_self\" data-type=\"url\">\n  \n  \n\t\n\n\n\n<div class=\"bde-div-85-100-36-85-1 bde-div bde-div-85-100\">\n  \n  \n\t\n\n\n\n<style>.breakdance .bde-div-85-101-36-85-1{background-image:url(https:\/\/dev.funkydesign.net\/johanna\/wp-content\/uploads\/2025\/11\/dsc08920.jpg);background-position:center center}<\/style><div class=\"bde-div-85-101-36-85-1 bde-div bde-div-85-101\">\n  \n  \n\t\n\n\n\n<div class=\"bde-text-85-107-36-85-1 bde-text bde-text-85-107\">\nTeambuilding\n<\/div><div class=\"bde-text-85-108-36-85-1 bde-text bde-text-85-108\">\n<p>Delade upplevelser som inspirerar, st\u00e4rker och binder samman. Workshops, temadagar och aktiviteter f\u00f6r grupper som vill v\u00e4xa \u2014 tillsammans.<\/p>\n\n<\/div>\n<\/div>\n<\/div>\n\n<\/a>    <\/article>\n    <article class=\"bde-loop-item ee-post\">\n        <a class=\"bde-container-link-85-109-35-85-1 bde-container-link bde-container-link-85-109 breakdance-link\" href=\"https:\/\/dev.funkydesign.net\/johanna\/upplevelse\/yoga\/\" target=\"_self\" data-type=\"url\">\n  \n  \n\t\n\n\n\n<div class=\"bde-div-85-100-35-85-1 bde-div bde-div-85-100\">\n  \n  \n\t\n\n\n\n<style>.breakdance .bde-div-85-101-35-85-1{background-image:url(https:\/\/dev.funkydesign.net\/johanna\/wp-content\/uploads\/2025\/11\/dsc08802.jpg);background-position:center center}<\/style><div class=\"bde-div-85-101-35-85-1 bde-div bde-div-85-101\">\n  \n  \n\t\n\n\n\n<div class=\"bde-text-85-107-35-85-1 bde-text bde-text-85-107\">\nYoga\n<\/div><div class=\"bde-text-85-108-35-85-1 bde-text bde-text-85-108\">\n<p>R\u00f6relse som v\u00e4cker n\u00e4rvaro, kraft och gl\u00e4dje i kroppen<strong>\u00a0<\/strong>\u2013 en v\u00e4g hem till dig sj\u00e4lv. H\u00e4r f\u00e5r du landa i kroppen, stilla sinnet och \u00e5terknyta till din inre kraft.<\/p>\n\n<\/div>\n<\/div>\n<\/div>\n\n<\/a>    <\/article>\n    <article class=\"bde-loop-item ee-post\">\n        <a class=\"bde-container-link-85-109-32-85-1 bde-container-link bde-container-link-85-109 breakdance-link\" href=\"https:\/\/dev.funkydesign.net\/johanna\/upplevelse\/dans\/\" target=\"_self\" data-type=\"url\">\n  \n  \n\t\n\n\n\n<div class=\"bde-div-85-100-32-85-1 bde-div bde-div-85-100\">\n  \n  \n\t\n\n\n\n<style>.breakdance .bde-div-85-101-32-85-1{background-image:url(https:\/\/dev.funkydesign.net\/johanna\/wp-content\/uploads\/2025\/11\/dsc08968.jpg);background-position:center center}<\/style><div class=\"bde-div-85-101-32-85-1 bde-div bde-div-85-101\">\n  \n  \n\t\n\n\n\n<div class=\"bde-text-85-107-32-85-1 bde-text bde-text-85-107\">\nDans\n<\/div><div class=\"bde-text-85-108-32-85-1 bde-text bde-text-85-108\">\n<p>Genom sensuell solo- och pardans utforskar du din r\u00f6relse, ditt uttryck och din f\u00f6rm\u00e5ga till n\u00e4rvaro och connection \u2013 med dig sj\u00e4lv och med andra.<\/p>\n\n<\/div>\n<\/div>\n<\/div>\n\n<\/a>    <\/article>\n<\/div>\n\n<\/div>\n<\/div><\/div>\n<\/section>","protected":false},"excerpt":{"rendered":"<p>Embodied. Empowered. Divine. Embodiva \u00e4r en inbjudan att komma hem till din kropp och v\u00e4cka din inre kraft. Boka din upplevelse Utforska kommande events Embodiva\u00a0guidar kvinnor till n\u00e4rvaro, styrka och str\u00e5lglans genom yoga, dans, r\u00f6relse och ber\u00f6ring. H\u00e4r m\u00f6ts embodiment och din inre diva \u2013 f\u00f6r ett liv d\u00e4r du kan vara stark i kroppen, [&hellip;]<\/p>\n","protected":false},"author":1,"featured_media":0,"parent":0,"menu_order":0,"comment_status":"closed","ping_status":"closed","template":"","meta":{"_acf_changed":false,"_breakdance_hide_in_design_set":false,"_breakdance_tags":"","footnotes":""},"class_list":["post-14","page","type-page","status-publish","hentry"],"acf":[],"_links":{"self":[{"href":"https:\/\/dev.funkydesign.net\/johanna\/wp-json\/wp\/v2\/pages\/14","targetHints":{"allow":["GET"]}}],"collection":[{"href":"https:\/\/dev.funkydesign.net\/johanna\/wp-json\/wp\/v2\/pages"}],"about":[{"href":"https:\/\/dev.funkydesign.net\/johanna\/wp-json\/wp\/v2\/types\/page"}],"author":[{"embeddable":true,"href":"https:\/\/dev.funkydesign.net\/johanna\/wp-json\/wp\/v2\/users\/1"}],"replies":[{"embeddable":true,"href":"https:\/\/dev.funkydesign.net\/johanna\/wp-json\/wp\/v2\/comments?post=14"}],"version-history":[{"count":25,"href":"https:\/\/dev.funkydesign.net\/johanna\/wp-json\/wp\/v2\/pages\/14\/revisions"}],"predecessor-version":[{"id":99,"href":"https:\/\/dev.funkydesign.net\/johanna\/wp-json\/wp\/v2\/pages\/14\/revisions\/99"}],"wp:attachment":[{"href":"https:\/\/dev.funkydesign.net\/johanna\/wp-json\/wp\/v2\/media?parent=14"}],"curies":[{"name":"wp","href":"https:\/\/api.w.org\/{rel}","templated":true}]}}