{"id":21246075,"date":"2025-10-05T19:56:29","date_gmt":"2025-10-05T17:56:29","guid":{"rendered":"https:\/\/dev.funkydesign.net\/sama\/?page_id=21246075"},"modified":"2025-10-06T20:35:26","modified_gmt":"2025-10-06T18:35:26","slug":"trygga","status":"publish","type":"page","link":"https:\/\/dev.funkydesign.net\/sama\/trygga\/","title":{"rendered":"Trygga"},"content":{"rendered":"<section class=\"bde-section-21246075-163 bde-section\">\n              \n  \n  \n\t\n\n  <div class=\"section-background-overlay\"><\/div>\n\n\n        <div class=\"section-shape-divider-wrapper section-shape-divider-wrapper--1\">\n          <span class=\"section-shape-divider\">\n                      <svg\n                xmlns=\"http:\/\/www.w3.org\/2000\/svg\"\n                viewBox=\"0 0 1440 320\"\n                preserveAspectRatio=\"none\"\n            >\n              <path fill=\"currentColor\" fill-opacity=\"1\" d=\"M0,64L48,85.3C96,107,192,149,288,192C384,235,480,277,576,261.3C672,245,768,171,864,128C960,85,1056,75,1152,58.7C1248,43,1344,21,1392,10.7L1440,0L1440,320L1392,320C1344,320,1248,320,1152,320C1056,320,960,320,864,320C768,320,672,320,576,320C480,320,384,320,288,320C192,320,96,320,48,320L0,320Z\"><\/path>\n            <\/svg>\n                    <\/span>\n      <\/div>\n  <div class=\"section-container\"><h1 class=\"bde-heading-21246075-164 bde-heading\" data-entrance=\"slideUp\">\nTrygga\n<\/h1><\/div>\n<\/section><section class=\"bde-section-21246075-102 bde-section\">\n  \n  \n\t\n\n\n\n<div class=\"section-container\"><div class=\"bde-grid-21246075-103 bde-grid\" data-entrance=\"slideUp\">\n  \n  \n\t\n\n\n\n<div class=\"bde-div-21246075-104 bde-div\">\n  \n  \n\t\n\n\n\n<div class=\"bde-div-21246075-105 bde-div\">\n  \n  \n\t\n\n\n\n<img decoding=\"async\" class=\"bde-image2-21246075-106 bde-image2\" src=\"https:\/\/dev.funkydesign.net\/sama\/wp-content\/uploads\/TRYGGA.webp\" loading=\"lazy\" srcset=\"https:\/\/dev.funkydesign.net\/sama\/wp-content\/uploads\/TRYGGA.webp 2000w, https:\/\/dev.funkydesign.net\/sama\/wp-content\/uploads\/TRYGGA-300x150.webp 300w, https:\/\/dev.funkydesign.net\/sama\/wp-content\/uploads\/TRYGGA-1024x513.webp 1024w, https:\/\/dev.funkydesign.net\/sama\/wp-content\/uploads\/TRYGGA-768x384.webp 768w, https:\/\/dev.funkydesign.net\/sama\/wp-content\/uploads\/TRYGGA-1536x769.webp 1536w\" sizes=\"(max-width: 2000px) 100vw, 2000px\">\n<\/div>\n<\/div><div class=\"bde-div-21246075-107 bde-div\">\n  \n  \n\t\n\n\n\n<div class=\"bde-div-21246075-108 bde-div\">\n  \n  \n\t\n\n\n\n<div class=\"bde-rich-text-21246075-159 bde-rich-text breakdance-rich-text-styles\">\n<h3>V\u00c4XJ\u00d6 CHARITY LANSERAR \u2013 \u201d TRYGGA \u201c<\/h3><p>Styrelsen i Insamlingsstiftelsen har tillsammans med sina partners beslutat sig f\u00f6r att g\u00f6ra en l\u00e5ngsiktig trygghetsskapande insats i v\u00e5rt lokalsamh\u00e4lle.<br \/>V\u00e4xj\u00f6 Charitys huvudfokus de kommande tre \u00e5ren kommer d\u00e4rf\u00f6r att riktas mot olika trygghetsskapande insatser, bl.a. genom projektet TRYGGA.<br \/>TRYGGA inneb\u00e4r bland annat att vi kommer tillg\u00e4ngligg\u00f6ra s.k. Trygghetsskapare i v\u00e5rt lokalsamh\u00e4lle. Trygghetsskaparnas uppdrag \u00e4r att, genom n\u00e4rvaro och synlighet bidra till en \u00f6kad trygghet f\u00f6r kommunens inv\u00e5nare &amp; dess n\u00e4ringsliv.<\/p><p>\u201d Vi vill vara ett komplement till \u00f6vriga trygghetsskapande akt\u00f6rer s\u00e5 som polis, f\u00e4ltgrupp, nattvandrare med flera\u201d s\u00e4ger Micke Svensson, ordf\u00f6rande i V\u00e4xj\u00f6 Charity.<\/p><p>L\u00e4s mer p\u00e5 Sm\u00e5landspostens hemsida h\u00e4r!<\/p>\n<\/div>\n<\/div>\n<\/div>\n<\/div><\/div>\n<\/section>","protected":false},"excerpt":{"rendered":"<p>Trygga V\u00c4XJ\u00d6 CHARITY LANSERAR \u2013 \u201d TRYGGA \u201cStyrelsen i Insamlingsstiftelsen har tillsammans med sina partners beslutat sig f\u00f6r att g\u00f6ra en l\u00e5ngsiktig trygghetsskapande insats i v\u00e5rt lokalsamh\u00e4lle.V\u00e4xj\u00f6 Charitys huvudfokus de kommande tre \u00e5ren kommer d\u00e4rf\u00f6r att riktas mot olika trygghetsskapande insatser, bl.a. genom projektet TRYGGA.TRYGGA inneb\u00e4r bland annat att vi kommer tillg\u00e4ngligg\u00f6ra s.k. Trygghetsskapare i [&hellip;]<\/p>\n","protected":false},"author":1,"featured_media":21246083,"parent":0,"menu_order":0,"comment_status":"closed","ping_status":"closed","template":"","meta":{"_acf_changed":false,"_breakdance_hide_in_design_set":false,"_breakdance_tags":"","footnotes":""},"class_list":["post-21246075","page","type-page","status-publish","has-post-thumbnail","hentry"],"acf":[],"_links":{"self":[{"href":"https:\/\/dev.funkydesign.net\/sama\/wp-json\/wp\/v2\/pages\/21246075","targetHints":{"allow":["GET"]}}],"collection":[{"href":"https:\/\/dev.funkydesign.net\/sama\/wp-json\/wp\/v2\/pages"}],"about":[{"href":"https:\/\/dev.funkydesign.net\/sama\/wp-json\/wp\/v2\/types\/page"}],"author":[{"embeddable":true,"href":"https:\/\/dev.funkydesign.net\/sama\/wp-json\/wp\/v2\/users\/1"}],"replies":[{"embeddable":true,"href":"https:\/\/dev.funkydesign.net\/sama\/wp-json\/wp\/v2\/comments?post=21246075"}],"version-history":[{"count":5,"href":"https:\/\/dev.funkydesign.net\/sama\/wp-json\/wp\/v2\/pages\/21246075\/revisions"}],"predecessor-version":[{"id":21246362,"href":"https:\/\/dev.funkydesign.net\/sama\/wp-json\/wp\/v2\/pages\/21246075\/revisions\/21246362"}],"wp:featuredmedia":[{"embeddable":true,"href":"https:\/\/dev.funkydesign.net\/sama\/wp-json\/wp\/v2\/media\/21246083"}],"wp:attachment":[{"href":"https:\/\/dev.funkydesign.net\/sama\/wp-json\/wp\/v2\/media?parent=21246075"}],"curies":[{"name":"wp","href":"https:\/\/api.w.org\/{rel}","templated":true}]}}