{"id":21246089,"date":"2025-10-05T20:36:34","date_gmt":"2025-10-05T18:36:34","guid":{"rendered":"https:\/\/dev.funkydesign.net\/sama\/?page_id=21246089"},"modified":"2025-10-06T20:42:39","modified_gmt":"2025-10-06T18:42:39","slug":"kontakt","status":"publish","type":"page","link":"https:\/\/dev.funkydesign.net\/sama\/kontakt\/","title":{"rendered":"Kontakt"},"content":{"rendered":"<section class=\"bde-section-21246089-178 bde-section\">\n              \n  \n  \n\t\n\n  <div class=\"section-background-overlay\"><\/div>\n\n\n        <div class=\"section-shape-divider-wrapper section-shape-divider-wrapper--1\">\n          <span class=\"section-shape-divider\">\n                      <svg\n                xmlns=\"http:\/\/www.w3.org\/2000\/svg\"\n                viewBox=\"0 0 1440 320\"\n                preserveAspectRatio=\"none\"\n            >\n              <path fill=\"currentColor\" fill-opacity=\"1\" d=\"M0,64L48,85.3C96,107,192,149,288,192C384,235,480,277,576,261.3C672,245,768,171,864,128C960,85,1056,75,1152,58.7C1248,43,1344,21,1392,10.7L1440,0L1440,320L1392,320C1344,320,1248,320,1152,320C1056,320,960,320,864,320C768,320,672,320,576,320C480,320,384,320,288,320C192,320,96,320,48,320L0,320Z\"><\/path>\n            <\/svg>\n                    <\/span>\n      <\/div>\n  <div class=\"section-container\"><h1 class=\"bde-heading-21246089-179 bde-heading\" data-entrance=\"slideUp\">\nKontakt\n<\/h1><\/div>\n<\/section><section class=\"bde-section-21246089-110 bde-section\">\n  \n  \n\t\n\n\n\n<div class=\"section-container\"><div class=\"bde-div-21246089-111 bde-div\" data-entrance=\"slideUp\">\n  \n  \n\t\n\n\n\n<h1 class=\"bde-heading-21246089-112 bde-heading\">\nKom i kontakt med oss\n<\/h1><div class=\"bde-text-21246089-113 bde-text\">\n\n<\/div>\n<\/div><div class=\"bde-grid-21246089-114 bde-grid\" data-entrance=\"slideUp\">\n  \n  \n\t\n\n\n\n<div class=\"bde-div-21246089-115 bde-div\">\n  \n  \n\t\n\n\n\n<div class=\"bde-div-21246089-116 bde-div\">\n  \n  \n\t\n\n\n\n<div class=\"bde-icon-21246089-117 bde-icon\">\n\n    \n            <div class=\"bde-icon-icon breakdance-icon-atom\" >\n    \n                    <svg xmlns=\"http:\/\/www.w3.org\/2000\/svg\" id=\"icon-location\" viewBox=\"0 0 32 32\">\n<path d=\"M16 0c-5.523 0-10 4.477-10 10 0 10 10 22 10 22s10-12 10-22c0-5.523-4.477-10-10-10zM16 16c-3.314 0-6-2.686-6-6s2.686-6 6-6 6 2.686 6 6-2.686 6-6 6z\"\/>\n<\/svg>\n        \n        \n        \n            <\/div>\n    \n\n\n<\/div><div class=\"bde-div-21246089-118 bde-div\">\n  \n  \n\t\n\n\n\n<div class=\"bde-text-21246089-119 bde-text\">\nAdress\n<\/div><div class=\"bde-text-21246089-120 bde-text\">\nSmedjegatan 22<br>352 46 V\u00e4xj\u00f6\n<\/div>\n<\/div>\n<\/div><div class=\"bde-div-21246089-121 bde-div\">\n  \n  \n\t\n\n\n\n<div class=\"bde-icon-21246089-122 bde-icon\">\n\n    \n            <div class=\"bde-icon-icon breakdance-icon-atom\" >\n    \n                    <svg xmlns=\"http:\/\/www.w3.org\/2000\/svg\" id=\"icon-phone\" viewBox=\"0 0 32 32\">\n<path d=\"M22 20c-2 2-2 4-4 4s-4-2-6-4-4-4-4-6 2-2 4-4-4-8-6-8-6 6-6 6c0 4 4.109 12.109 8 16s12 8 16 8c0 0 6-4 6-6s-6-8-8-6z\"\/>\n<\/svg>\n        \n        \n        \n            <\/div>\n    \n\n\n<\/div><div class=\"bde-div-21246089-123 bde-div\">\n  \n  \n\t\n\n\n\n<div class=\"bde-text-21246089-124 bde-text\">\nSl\u00e5 oss en signal\n<\/div><div class=\"bde-text-21246089-125 bde-text\">\nV\u00e4xel: 077 5333003<br>Mobil: 070 632 2443\n<\/div>\n<\/div>\n<\/div><div class=\"bde-div-21246089-127 bde-div\">\n  \n  \n\t\n\n\n\n<div class=\"bde-icon-21246089-128 bde-icon\">\n\n    \n            <div class=\"bde-icon-icon breakdance-icon-atom\" >\n    \n                    <svg xmlns=\"http:\/\/www.w3.org\/2000\/svg\" viewBox=\"0 0 512 512\"><!--! Font Awesome Free 6.5.1 by @fontawesome - https:\/\/fontawesome.com License - https:\/\/fontawesome.com\/license\/free (Icons: CC BY 4.0, Fonts: SIL OFL 1.1, Code: MIT License) Copyright 2023 Fonticons, Inc. --><path d=\"M64 0C28.7 0 0 28.7 0 64V352c0 35.3 28.7 64 64 64h96v80c0 6.1 3.4 11.6 8.8 14.3s11.9 2.1 16.8-1.5L309.3 416H448c35.3 0 64-28.7 64-64V64c0-35.3-28.7-64-64-64H64z\"\/><\/svg>\n        \n        \n        \n            <\/div>\n    \n\n\n<\/div><div class=\"bde-div-21246089-129 bde-div\">\n  \n  \n\t\n\n\n\n<div class=\"bde-text-21246089-130 bde-text\">\nE-post\n<\/div><div class=\"bde-text-21246089-131 bde-text\">\ninfo@samsecurity.se\n<\/div>\n<\/div>\n<\/div>\n<\/div><div class=\"bde-div-21246089-132 bde-div\">\n  \n  \n\t\n\n\n\n<div class=\"bde-form-builder-21246089-133 bde-form-builder\">\n\n<form id=\"contact-form133\" class=\"breakdance-form breakdance-form--vertical\" data-options=\"{&quot;slug&quot;:&quot;custom&quot;,&quot;name&quot;:&quot;Contact Form&quot;,&quot;ajaxUrl&quot;:&quot;https:\\\/\\\/dev.funkydesign.net\\\/sama\\\/wp-admin\\\/admin-ajax.php&quot;,&quot;clearOnSuccess&quot;:true,&quot;hideOnSuccess&quot;:false,&quot;successMessage&quot;:&quot;Ditt meddelande \\u00e4r mottaget. Vi \\u00e5terkommer till dig s\\u00e5 snart vi kan.&quot;,&quot;errorMessage&quot;:&quot;N\\u00e5gonting gick fel. F\\u00f6rs\\u00f6k igen!&quot;,&quot;redirect&quot;:false,&quot;redirectUrl&quot;:&quot;&quot;,&quot;customJavaScript&quot;:&quot;&quot;,&quot;recaptcha&quot;:{&quot;key&quot;:&quot;&quot;,&quot;enabled&quot;:false},&quot;honeypot_enabled&quot;:false,&quot;popupsOnSuccess&quot;:[],&quot;popupsOnError&quot;:[]}\" data-steps=\"0\" >\n  \n  \n  \n<div class=\"breakdance-form-field breakdance-form-field--text\" >\n    \n    \n    \n    <input\n    class=\"breakdance-form-field__input\"\n    id=\"name\"\n    aria-describedby=\"name\"\n    type=\"text\"\n    name=\"fields[name]\"\n    placeholder=\"F\u00f6rnamn\"\n    value=\"\"\n                \n        \n        \n    required\n    \n    \n    \n>\n\n\n    \n    \n<\/div>\n\n\n<div class=\"breakdance-form-field breakdance-form-field--text\" >\n    \n    \n    \n    <input\n    class=\"breakdance-form-field__input\"\n    id=\"sbmxsj\"\n    aria-describedby=\"sbmxsj\"\n    type=\"text\"\n    name=\"fields[sbmxsj]\"\n    placeholder=\"Efternamn\"\n    value=\"\"\n                \n        \n        \n    \n    \n    \n    \n>\n\n\n    \n    \n<\/div>\n\n\n<div class=\"breakdance-form-field breakdance-form-field--email\" >\n    \n    \n    \n    <input\n    class=\"breakdance-form-field__input\"\n    id=\"email\"\n    aria-describedby=\"email\"\n    type=\"email\"\n    name=\"fields[email]\"\n    placeholder=\"E-post\"\n    value=\"\"\n                \n        \n        \n    required\n    \n    \n    \n>\n\n\n    \n    \n<\/div>\n\n\n<div class=\"breakdance-form-field breakdance-form-field--email\" >\n    \n    \n    \n    <input\n    class=\"breakdance-form-field__input\"\n    id=\"gyxjoy\"\n    aria-describedby=\"gyxjoy\"\n    type=\"email\"\n    name=\"fields[gyxjoy]\"\n    placeholder=\"\u00c4mne\"\n    value=\"\"\n                \n        \n        \n    \n    \n    \n    \n>\n\n\n    \n    \n<\/div>\n\n\n<div class=\"breakdance-form-field breakdance-form-field--textarea\" >\n    \n    \n    \n    <textarea\n    class=\"breakdance-form-field__input\"\n    id=\"message\"\n    aria-describedby=\"message\"\n    type=\"textarea\"\n    name=\"fields[message]\"\n        placeholder=\"Meddelande\"\n    required\n    >\n<\/textarea>\n\n\n    \n    \n<\/div>\n\n\n  \n\n<div class=\"breakdance-form-field breakdance-form-footer\">\n    \n    \n                                    \n    \n    \n    \n    \n            \n            <button type=\"submit\" class=\"button-atom button-atom--primary breakdance-form-button breakdance-form-button__submit\"  >\n    \n        <span class=\"button-atom__text\">Skicka!<\/span>\n\n        \n        \n            <\/button>\n    \n    <input type=\"hidden\" name=\"form_id\" value=\"133\">\n    <input type=\"hidden\" name=\"post_id\" value=\"21246089\">\n<\/div>\n\n  \n<\/form>\n\n\n<\/div>\n<\/div>\n<\/div><\/div>\n<\/section><section class=\"bde-section-21246089-134 bde-section\">\n  \n  \n\t\n\n\n\n<div class=\"section-container\"><div class=\"bde-div-21246089-181 bde-div\">\n  \n  \n\t\n\n\n\n<div class=\"bde-code-block-21246089-180 bde-code-block\">\n\n  <iframe src=\"https:\/\/www.google.com\/maps\/embed?pb=!1m14!1m8!1m3!1d279326.80996436573!2d14.901797000000002!3d56.841815!3m2!1i1024!2i768!4f13.1!3m3!1m2!1s0x465723f2cc0a3eb1%3A0xe375dc9d8027b819!2sSAM%20Security%20AB!5e0!3m2!1ssv!2sse!4v1759693371596!5m2!1ssv!2sse\" width=\"2160\" height=\"600px\" style=\"border:0;\" allowfullscreen=\"\" loading=\"lazy\" referrerpolicy=\"no-referrer-when-downgrade\"><\/iframe>\n\n\n<\/div>\n<\/div><\/div>\n<\/section>","protected":false},"excerpt":{"rendered":"<p>Kontakt Kom i kontakt med oss Adress Smedjegatan 22352 46 V\u00e4xj\u00f6 Sl\u00e5 oss en signal V\u00e4xel: 077 5333003Mobil: 070 632 2443 E-post info@samsecurity.se Skicka!<\/p>\n","protected":false},"author":2,"featured_media":0,"parent":0,"menu_order":0,"comment_status":"closed","ping_status":"closed","template":"","meta":{"_acf_changed":false,"_breakdance_hide_in_design_set":false,"_breakdance_tags":"","footnotes":""},"class_list":["post-21246089","page","type-page","status-publish","hentry"],"acf":[],"_links":{"self":[{"href":"https:\/\/dev.funkydesign.net\/sama\/wp-json\/wp\/v2\/pages\/21246089","targetHints":{"allow":["GET"]}}],"collection":[{"href":"https:\/\/dev.funkydesign.net\/sama\/wp-json\/wp\/v2\/pages"}],"about":[{"href":"https:\/\/dev.funkydesign.net\/sama\/wp-json\/wp\/v2\/types\/page"}],"author":[{"embeddable":true,"href":"https:\/\/dev.funkydesign.net\/sama\/wp-json\/wp\/v2\/users\/2"}],"replies":[{"embeddable":true,"href":"https:\/\/dev.funkydesign.net\/sama\/wp-json\/wp\/v2\/comments?post=21246089"}],"version-history":[{"count":5,"href":"https:\/\/dev.funkydesign.net\/sama\/wp-json\/wp\/v2\/pages\/21246089\/revisions"}],"predecessor-version":[{"id":21246367,"href":"https:\/\/dev.funkydesign.net\/sama\/wp-json\/wp\/v2\/pages\/21246089\/revisions\/21246367"}],"wp:attachment":[{"href":"https:\/\/dev.funkydesign.net\/sama\/wp-json\/wp\/v2\/media?parent=21246089"}],"curies":[{"name":"wp","href":"https:\/\/api.w.org\/{rel}","templated":true}]}}