{"id":919,"date":"2025-02-13T16:46:22","date_gmt":"2025-02-13T15:46:22","guid":{"rendered":"https:\/\/dev.funkydesign.net\/uni\/?page_id=919"},"modified":"2025-04-22T18:34:55","modified_gmt":"2025-04-22T16:34:55","slug":"kontakta-oss","status":"publish","type":"page","link":"https:\/\/dev.funkydesign.net\/uni\/kontakta-oss\/","title":{"rendered":"Kontakta Oss"},"content":{"rendered":"<section class=\"bde-section-919-114 bde-section\">\n  \n  \n\t\n\n\n\n<div class=\"section-container\"><div class=\"bde-div-919-115 bde-div\">\n  \n  \n\t\n\n\n\n<div class=\"bde-div-919-116 bde-div\">\n  \n  \n\t\n\n\n\n<h2 class=\"bde-heading-919-117 bde-heading\">\nKontakta oss\n<\/h2><p class=\"bde-text-919-118 bde-text\">\nV\u00e4lkommen till Uni-El! <br><br>Har du fr\u00e5gor eller beh\u00f6ver hj\u00e4lp med elinstallationer, smarta hem-l\u00f6sningar, data- och fiberinstallationer eller s\u00e4kerhetssystem? Vi finns h\u00e4r f\u00f6r dig!<br><br>Du kan enkelt n\u00e5 oss via telefon eller e-post, eller fylla i kontaktformul\u00e4ret nedan s\u00e5 \u00e5terkommer vi s\u00e5 snart som m\u00f6jligt. Beskriv g\u00e4rna ditt \u00e4rende s\u00e5 att vi kan ge dig b\u00e4sta m\u00f6jliga service.<br><br>Vi ser fram emot att hj\u00e4lpa dig!\n<\/p><div class=\"bde-grid-919-119 bde-grid\">\n  \n  \n\t\n\n\n\n<div class=\"bde-div-919-120 bde-div\">\n  \n  \n\t\n\n\n\n<div class=\"bde-icon-919-121 bde-icon\">\n\n    \n            <div class=\"bde-icon-icon breakdance-icon-atom\" >\n    \n                    <svg xmlns=\"http:\/\/www.w3.org\/2000\/svg\" viewBox=\"0 0 512 512\"><!--!Font Awesome Pro 6.5.1 by @fontawesome - https:\/\/fontawesome.com License - https:\/\/fontawesome.com\/license (Commercial License) Copyright 2024 Fonticons, Inc.--><path d=\"M256 0c13.3 0 24 10.7 24 24V65.5C366.8 76.3 435.7 145.2 446.5 232H488c13.3 0 24 10.7 24 24s-10.7 24-24 24H446.5C435.7 366.8 366.8 435.7 280 446.5V488c0 13.3-10.7 24-24 24s-24-10.7-24-24V446.5C145.2 435.7 76.3 366.8 65.5 280H24c-13.3 0-24-10.7-24-24s10.7-24 24-24H65.5C76.3 145.2 145.2 76.3 232 65.5V24c0-13.3 10.7-24 24-24zM112 256a144 144 0 1 0 288 0 144 144 0 1 0 -288 0zm192 0a48 48 0 1 0 -96 0 48 48 0 1 0 96 0zm-144 0a96 96 0 1 1 192 0 96 96 0 1 1 -192 0z\"\/><\/svg>\n        \n        \n        \n            <\/div>\n    \n\n\n<\/div><h5 class=\"bde-heading-919-122 bde-heading\">\nBes\u00f6k oss\n<\/h5><a class=\"bde-container-link-919-132 bde-container-link breakdance-link\" href=\"https:\/\/maps.app.goo.gl\/sQJFXAYJW8unYEnH7\" target=\"_blank\" data-type=\"url\">\n  \n  \n\t\n\n\n\n<p class=\"bde-text-919-123 bde-text\">\n Andesitgatan 11B, Helsingborg\n<\/p>\n\n<\/a>\n<\/div><div class=\"bde-div-919-124 bde-div\">\n  \n  \n\t\n\n\n\n<div class=\"bde-icon-919-125 bde-icon\">\n\n    \n            <div class=\"bde-icon-icon breakdance-icon-atom\" >\n    \n                    <svg xmlns=\"http:\/\/www.w3.org\/2000\/svg\" viewBox=\"0 0 512 512\"><!--!Font Awesome Pro 6.5.1 by @fontawesome - https:\/\/fontawesome.com License - https:\/\/fontawesome.com\/license (Commercial License) Copyright 2024 Fonticons, Inc.--><path d=\"M375.8 275.2c-16.4-7-35.4-2.4-46.7 11.4l-33.2 40.6c-46-26.7-84.4-65.1-111.1-111.1L225.3 183c13.8-11.3 18.5-30.3 11.4-46.7l-48-112C181.2 6.7 162.3-3.1 143.6 .9l-112 24C13.2 28.8 0 45.1 0 64v0C0 295.2 175.2 485.6 400.1 509.5c9.8 1 19.6 1.8 29.6 2.2c0 0 0 0 0 0c0 0 .1 0 .1 0c6.1 .2 12.1 .4 18.2 .4l0 0c18.9 0 35.2-13.2 39.1-31.6l24-112c4-18.7-5.8-37.6-23.4-45.1l-112-48zM441.5 464C225.8 460.5 51.5 286.2 48.1 70.5l99.2-21.3 43 100.4L154.4 179c-18.2 14.9-22.9 40.8-11.1 61.2c30.9 53.3 75.3 97.7 128.6 128.6c20.4 11.8 46.3 7.1 61.2-11.1l29.4-35.9 100.4 43L441.5 464zM48 64v0 0 0 0 0 0 0 0 0 0 0 0 0 0 0 0 0 0 0 0 0 0 0s0 0 0 0\"\/><\/svg>\n        \n        \n        \n            <\/div>\n    \n\n\n<\/div><h5 class=\"bde-heading-919-126 bde-heading\">\nSl\u00e5 en signal \n<\/h5><a class=\"bde-text-link-919-127 bde-text-link breakdance-link\" href=\"tel:+46102007440\" target=\"_self\" data-type=\"url\">\n  010-20 07 440\n\n<\/a>\n<\/div><div class=\"bde-div-919-137 bde-div\">\n  \n  \n\t\n\n\n\n<div class=\"bde-icon-919-138 bde-icon\">\n\n    \n            <div class=\"bde-icon-icon breakdance-icon-atom\" >\n    \n                    <svg xmlns=\"http:\/\/www.w3.org\/2000\/svg\" id=\"icon-mail2\" viewBox=\"0 0 32 32\">\n<path d=\"M26.667 0h-21.333c-2.934 0-5.334 2.4-5.334 5.334v21.332c0 2.936 2.4 5.334 5.334 5.334h21.333c2.934 0 5.333-2.398 5.333-5.334v-21.332c0-2.934-2.399-5.334-5.333-5.334zM26.667 4c0.25 0 0.486 0.073 0.688 0.198l-11.355 9.388-11.355-9.387c0.202-0.125 0.439-0.198 0.689-0.198h21.333zM5.334 28c-0.060 0-0.119-0.005-0.178-0.013l7.051-9.78-0.914-0.914-7.293 7.293v-19.098l12 14.512 12-14.512v19.098l-7.293-7.293-0.914 0.914 7.051 9.78c-0.058 0.008-0.117 0.013-0.177 0.013h-21.333z\"\/>\n<\/svg>\n        \n        \n        \n            <\/div>\n    \n\n\n<\/div><h5 class=\"bde-heading-919-139 bde-heading\">\nSkicka ett mail\n<\/h5><a class=\"bde-text-link-919-141 bde-text-link breakdance-link\" href=\"mailto:info@uni-el.se\" target=\"_self\" data-type=\"url\">\n  info@uni-el.se\n\n<\/a>\n<\/div>\n<\/div>\n<\/div><div class=\"bde-div-919-129 bde-div\">\n  \n  \n\t\n\n\n\n<h2 class=\"bde-heading-919-144 bde-heading\">\nKontaktformul\u00e4r\n<\/h2><div class=\"bde-form-builder-919-131 bde-form-builder\">\n\n\n<form id=\"contactform\" class=\"breakdance-form breakdance-form--vertical\" data-options=\"{&quot;slug&quot;:&quot;custom&quot;,&quot;name&quot;:&quot;Contact Form&quot;,&quot;ajaxUrl&quot;:&quot;https:\\\/\\\/dev.funkydesign.net\\\/uni\\\/wp-admin\\\/admin-ajax.php&quot;,&quot;clearOnSuccess&quot;:true,&quot;hideOnSuccess&quot;:true,&quot;successMessage&quot;:&quot;Ditt meddelande har tagits emot!&quot;,&quot;errorMessage&quot;:&quot;N\\u00e5gonting gick fel. F\\u00f6rs\\u00f6k igen!&quot;,&quot;redirect&quot;:false,&quot;redirectUrl&quot;:&quot;&quot;,&quot;customJavaScript&quot;:&quot;&quot;,&quot;recaptcha&quot;:{&quot;key&quot;:&quot;&quot;,&quot;enabled&quot;:false},&quot;honeypot_enabled&quot;:false,&quot;popupsOnSuccess&quot;:[],&quot;popupsOnError&quot;:[]}\" data-steps=\"0\" >\n  \n  \n  \n<div class=\"breakdance-form-field breakdance-form-field--text\" >\n    \n    \n            <label class=\"breakdance-form-field__label\" for=\"namn\">\n            Namn<span class=\"breakdance-form-field__required\">*<\/span>\n        <\/label>\n    \n    <input\n    class=\"breakdance-form-field__input\"\n    id=\"namn\"\n    aria-describedby=\"namn\"\n    type=\"text\"\n    name=\"fields[namn]\"\n    placeholder=\"Namn\"\n    value=\"\"\n                \n        \n        \n    required\n    \n    \n>\n\n\n    \n    \n<\/div>\n\n\n<div class=\"breakdance-form-field breakdance-form-field--email\" >\n    \n    \n            <label class=\"breakdance-form-field__label\" for=\"email\">\n            E-postadress<span class=\"breakdance-form-field__required\">*<\/span>\n        <\/label>\n    \n    <input\n    class=\"breakdance-form-field__input\"\n    id=\"email\"\n    aria-describedby=\"email\"\n    type=\"email\"\n    name=\"fields[email]\"\n    placeholder=\"E-postadress\"\n    value=\"\"\n                \n        \n        \n    required\n    \n    \n>\n\n\n    \n    \n<\/div>\n\n\n<div class=\"breakdance-form-field breakdance-form-field--text\" >\n    \n    \n            <label class=\"breakdance-form-field__label\" for=\"telefon\">\n            Telefonnummer<span class=\"breakdance-form-field__required\">*<\/span>\n        <\/label>\n    \n    <input\n    class=\"breakdance-form-field__input\"\n    id=\"telefon\"\n    aria-describedby=\"telefon\"\n    type=\"text\"\n    name=\"fields[telefon]\"\n    placeholder=\"Telefonnummer\"\n    value=\"\"\n                \n        \n        \n    required\n    \n    \n>\n\n\n    \n    \n<\/div>\n\n\n<div class=\"breakdance-form-field breakdance-form-field--select\" >\n    \n    \n            <label class=\"breakdance-form-field__label\" for=\"arende\">\n            \u00c4rende<span class=\"breakdance-form-field__required\">*<\/span>\n        <\/label>\n    \n    <select\n    class=\"breakdance-form-field__input\"\n    id=\"arende\"\n    name=\"fields[arende]\"\n    required\n    \n        >\n      <option value=\"\">V\u00e4lj \u00e4rende...<\/option>\n          <option value=\"laddboxar\" >Laddboxar<\/option>\n        <option value=\"solceller\" >Solceller<\/option>\n        <option value=\"entreprenad\" >Entreprenad<\/option>\n        <option value=\"data\/fiber\" >Data\/Fiber<\/option>\n        <option value=\"S\u00e4kerhet\/Larm\" >S\u00e4kerhet & Larm<\/option>\n        <option value=\"Smarta hem\" >Smarta Hem<\/option>\n  <\/select>\n\n\n    \n    \n<\/div>\n\n\n<div class=\"breakdance-form-field breakdance-form-field--textarea\" >\n    \n    \n            <label class=\"breakdance-form-field__label\" for=\"meddelande\">\n            Meddelande<span class=\"breakdance-form-field__required\">*<\/span>\n        <\/label>\n    \n    <textarea\n    class=\"breakdance-form-field__input\"\n    id=\"meddelande\"\n    aria-describedby=\"meddelande\"\n    type=\"textarea\"\n    name=\"fields[meddelande]\"\n        placeholder=\"Skriv ditt meddelande...\"\n    required\n    >\n<\/textarea>\n\n\n    \n    \n<\/div>\n\n\n  \n\n<div class=\"breakdance-form-field breakdance-form-footer\">\n    \n    \n                                    \n    \n    \n    \n    \n            \n            <button type=\"submit\" class=\"button-atom button-atom--primary breakdance-form-button breakdance-form-button__submit\"  >\n    \n        <span class=\"button-atom__text\">Skicka<\/span>\n\n        \n        \n            <\/button>\n    \n    <input type=\"hidden\" name=\"form_id\" value=\"131\">\n    <input type=\"hidden\" name=\"post_id\" value=\"919\">\n<\/div>\n\n  \n<\/form>\n\n\n\n<\/div>\n<\/div>\n<\/div><\/div>\n<\/section><section class=\"bde-section-919-145 bde-section\">\n  \n  \n\t\n\n\n\n<div class=\"section-container\"><div class=\"bde-div-919-146 bde-div\">\n  \n  \n\t\n\n\n\n<div class=\"bde-button-919-147 bde-button\">\n    \n                                    \n    \n    \n    \n    \n            \n            <button type=\"button\" class=\"button-atom button-atom--text bde-button__button\"  >\n    \n        <span class=\"button-atom__text\">V\u00e5ra medarbetare<\/span>\n\n        \n                    \n    <span class=\"button-atom__icon-wrapper\">\n\n        \n            <svg class=\"un-arrow-icon\" width=\"10\" height=\"10\" viewBox=\"0 0 10 10\" aria-hidden=\"true\">\n                <g fill-rule=\"evenodd\">\n                    <path class=\"un-arrow-icon_arrow\" d=\"M1 1l4 4-4 4\"><\/path>\n                <\/g>\n            <\/svg>\n\n        \n    <\/span>\n\n\n        \n            <\/button>\n    \n\n\n<\/div><h2 class=\"bde-heading-919-148 bde-heading\">\nVi st\u00e5r till er tj\u00e4nst f\u00f6r fr\u00e5gor!\n<\/h2>\n<\/div><div class=\"bde-post-loop-919-151 bde-post-loop\">\n<div class=\"bde-loop bde-loop-grid ee-posts ee-posts-grid\">    <article class=\"bde-loop-item ee-post\">\n    <div class=\"bde-div-1301-101-1300-1301-1 bde-div bde-div-1301-101\">\n  \n  \n\t\n\n\n\n<div class=\"bde-div-1301-104-1300-1301-1 bde-div bde-div-1301-104\">\n  \n  \n\t\n\n\n\n<img decoding=\"async\" class=\"bde-image2-1301-102-1300-1301-1 bde-image2 bde-image2-1301-102\" src=\"https:\/\/dev.funkydesign.net\/uni\/wp-content\/uploads\/2021\/11\/Zlatko.jpg\" loading=\"lazy\" sizes=\"(max-width: 224px) 100vw, 224px\">\n<\/div><div class=\"bde-div-1301-107-1300-1301-1 bde-div bde-div-1301-107\">\n  \n  \n\t\n\n\n\n<div class=\"bde-text-1301-110-1300-1301-1 bde-text bde-text-1301-110\">\nVD \/ \u00c4gare\n<\/div><div class=\"bde-div-1301-115-1300-1301-1 bde-div bde-div-1301-115\">\n  \n  \n\t\n\n\n\n\n<\/div>\n<\/div>\n<\/div>    <\/article>\n    <\/div>\n\n<\/div><\/div>\n<\/section>","protected":false},"excerpt":{"rendered":"<p>Kontakta oss V\u00e4lkommen till Uni-El! Har du fr\u00e5gor eller beh\u00f6ver hj\u00e4lp med elinstallationer, smarta hem-l\u00f6sningar, data- och fiberinstallationer eller s\u00e4kerhetssystem? Vi finns h\u00e4r f\u00f6r dig!Du kan enkelt n\u00e5 oss via telefon eller e-post, eller fylla i kontaktformul\u00e4ret nedan s\u00e5 \u00e5terkommer vi s\u00e5 snart som m\u00f6jligt. Beskriv g\u00e4rna ditt \u00e4rende s\u00e5 att vi kan ge dig [&hellip;]<\/p>\n","protected":false},"author":1,"featured_media":0,"parent":0,"menu_order":0,"comment_status":"closed","ping_status":"closed","template":"","meta":{"_acf_changed":false,"_breakdance_hide_in_design_set":false,"_breakdance_tags":"","footnotes":""},"class_list":["post-919","page","type-page","status-publish","hentry"],"acf":[],"_links":{"self":[{"href":"https:\/\/dev.funkydesign.net\/uni\/wp-json\/wp\/v2\/pages\/919","targetHints":{"allow":["GET"]}}],"collection":[{"href":"https:\/\/dev.funkydesign.net\/uni\/wp-json\/wp\/v2\/pages"}],"about":[{"href":"https:\/\/dev.funkydesign.net\/uni\/wp-json\/wp\/v2\/types\/page"}],"author":[{"embeddable":true,"href":"https:\/\/dev.funkydesign.net\/uni\/wp-json\/wp\/v2\/users\/1"}],"replies":[{"embeddable":true,"href":"https:\/\/dev.funkydesign.net\/uni\/wp-json\/wp\/v2\/comments?post=919"}],"version-history":[{"count":63,"href":"https:\/\/dev.funkydesign.net\/uni\/wp-json\/wp\/v2\/pages\/919\/revisions"}],"predecessor-version":[{"id":1350,"href":"https:\/\/dev.funkydesign.net\/uni\/wp-json\/wp\/v2\/pages\/919\/revisions\/1350"}],"wp:attachment":[{"href":"https:\/\/dev.funkydesign.net\/uni\/wp-json\/wp\/v2\/media?parent=919"}],"curies":[{"name":"wp","href":"https:\/\/api.w.org\/{rel}","templated":true}]}}