{"id":100117,"date":"2023-11-13T13:46:41","date_gmt":"2023-11-13T13:46:41","guid":{"rendered":"https:\/\/dev.funkydesign.net\/wirehn\/product\/direktoren-i-blasvader\/"},"modified":"2023-11-14T13:01:39","modified_gmt":"2023-11-14T13:01:39","slug":"direktoren-i-blasvader","status":"publish","type":"product","link":"https:\/\/dev.funkydesign.net\/wirehn\/product\/direktoren-i-blasvader\/","title":{"rendered":"Direkt\u00f6ren i bl\u00e5sv\u00e4der"},"content":{"rendered":"","protected":false},"excerpt":{"rendered":"","protected":false},"featured_media":100109,"comment_status":"open","ping_status":"closed","template":"","meta":{"_et_pb_use_builder":"","_et_pb_old_content":"","_et_gb_content_width":"","inline_featured_image":false},"product_cat":[49],"product_tag":[],"class_list":["post-100117","product","type-product","status-publish","has-post-thumbnail","hentry","product_cat-original"],"jetpack_sharing_enabled":true,"_links":{"self":[{"href":"https:\/\/dev.funkydesign.net\/wirehn\/wp-json\/wp\/v2\/product\/100117","targetHints":{"allow":["GET"]}}],"collection":[{"href":"https:\/\/dev.funkydesign.net\/wirehn\/wp-json\/wp\/v2\/product"}],"about":[{"href":"https:\/\/dev.funkydesign.net\/wirehn\/wp-json\/wp\/v2\/types\/product"}],"replies":[{"embeddable":true,"href":"https:\/\/dev.funkydesign.net\/wirehn\/wp-json\/wp\/v2\/comments?post=100117"}],"wp:featuredmedia":[{"embeddable":true,"href":"https:\/\/dev.funkydesign.net\/wirehn\/wp-json\/wp\/v2\/media\/100109"}],"wp:attachment":[{"href":"https:\/\/dev.funkydesign.net\/wirehn\/wp-json\/wp\/v2\/media?parent=100117"}],"wp:term":[{"taxonomy":"product_cat","embeddable":true,"href":"https:\/\/dev.funkydesign.net\/wirehn\/wp-json\/wp\/v2\/product_cat?post=100117"},{"taxonomy":"product_tag","embeddable":true,"href":"https:\/\/dev.funkydesign.net\/wirehn\/wp-json\/wp\/v2\/product_tag?post=100117"}],"curies":[{"name":"wp","href":"https:\/\/api.w.org\/{rel}","templated":true}]}}